{"id":8,"date":"2024-04-23T06:20:15","date_gmt":"2024-04-23T06:20:15","guid":{"rendered":"https:\/\/www.xn--parafiaranka-7hb23q.pl\/?page_id=8"},"modified":"2026-04-11T11:11:45","modified_gmt":"2026-04-11T11:11:45","slug":"intencje","status":"publish","type":"page","link":"https:\/\/www.xn--parafiaranka-7hb23q.pl\/index.php\/intencje\/","title":{"rendered":"Intencje"},"content":{"rendered":"\n<figure class=\"wp-block-table\"><table class=\"has-fixed-layout\"><tbody><tr><td><strong><mark style=\"background-color:rgba(0, 0, 0, 0);color:#cb0c0c\" class=\"has-inline-color\">NIEDZIELA\u00a0<br>Mi\u0142osierdzia Bo\u017cego<br>12.04.2026 r.<\/mark><\/strong><\/td><td><strong>GODZINA<\/strong><\/td><td><strong>INTENCJA MSZALNA<\/strong><\/td><\/tr><tr><td><strong><u>&nbsp;<\/u><\/strong><\/td><td><strong><u>Gniewosz\u00f3w<br>8.30<\/u><\/strong><\/td><td>Dzi\u0119kczynna za mam\u0119 J\u00f3zef\u0119 z okazji urodzin<\/td><\/tr><tr><td><strong><u>&nbsp;<\/u><\/strong><\/td><td><strong><u>Niemoj\u00f3w&nbsp;<br>&nbsp;sala wiejska<br>10.00<\/u><\/strong><\/td><td>++ Danuta i Emilia Koch<\/td><\/tr><tr><td><strong><u>&nbsp;<\/u><\/strong><\/td><td><strong><u><br>R\u00f3\u017canka&nbsp;<br>11.30<\/u><\/strong><\/td><td>Dzi\u0119kczynna za Nikodema w 3 rocznic\u0119 urodzin<\/td><\/tr><tr><td><strong>Wtorek<\/strong><strong><br><\/strong><strong>14.04.2026 r.<\/strong><\/td><td><strong><u>R\u00f3\u017canka&nbsp;<br>17.00<\/u><\/strong><\/td><td>+ Piotr Bera<\/td><\/tr><tr><td><strong>\u015aroda&nbsp;<br>15.04.2026 r.<\/strong><\/td><td><strong><u>R\u00f3\u017canka&nbsp;<br>17.00<\/u><\/strong><\/td><td>Za Patryczka z okazji 1 rocznicy urodzin oraz braci i siostry&nbsp;&nbsp;<\/td><\/tr><tr><td><strong>&nbsp;Czwartek<br>16.04.2026 r.&nbsp;<\/strong><\/td><td><strong><u>R\u00f3\u017canka&nbsp;<br>17.00<\/u><\/strong><\/td><td>+ Marek Turkiewicz<\/td><\/tr><tr><td><strong>&nbsp;Pi\u0105tek&nbsp;<br>17.04.2026 r.&nbsp;<\/strong><\/td><td><strong><u>R\u00f3\u017canka&nbsp;<br>17.00<\/u><\/strong><\/td><td>+ Helena Sobierska<\/td><\/tr><tr><td><strong><mark style=\"background-color:rgba(0, 0, 0, 0);color:#e30b0b\" class=\"has-inline-color\">III NIEDZIELA\u00a0<br>Wielkanocna<br>19.04.2026 r.<\/mark><\/strong><\/td><td><strong><u>Gniewosz\u00f3w<br>8.30<\/u><\/strong><\/td><td>++ Rodzic\u00f3w Zofia, Stanis\u0142aw Hajduk oraz brata Roberta<\/td><\/tr><tr><td><strong>&nbsp;<\/strong><\/td><td><strong><u>Niemoj\u00f3w<br>10.00<\/u><\/strong><\/td><td>Dzi\u0119kczynna za Janina Jania w dniu imienin<\/td><\/tr><tr><td><strong>&nbsp;<\/strong><\/td><td><strong><u>R\u00f3\u017canka<br>11.30<\/u><\/strong><\/td><td>++ Barbara i zmar\u0142ych z rodziny So\u0142yga<\/td><\/tr><\/tbody><\/table><\/figure>\n\n\n\n<div class=\"wp-block-group\"><div class=\"wp-block-group__inner-container is-layout-constrained wp-block-group-is-layout-constrained\">\n<p><\/p>\n<\/div><\/div>\n\n\n\n<p><\/p>\n","protected":false},"excerpt":{"rendered":"<p>NIEDZIELA\u00a0Mi\u0142osierdzia Bo\u017cego12.04.2026 r. GODZINA INTENCJA MSZALNA &nbsp; Gniewosz\u00f3w8.30 Dzi\u0119kczynna za mam\u0119 J\u00f3zef\u0119 z okazji urodzin &nbsp; Niemoj\u00f3w&nbsp;&nbsp;sala wiejska10.00 ++ Danuta i Emilia Koch &nbsp; R\u00f3\u017canka&nbsp;11.30 Dzi\u0119kczynna za Nikodema w 3 rocznic\u0119 urodzin Wtorek14.04.2026 r. R\u00f3\u017canka&nbsp;17.00 + Piotr Bera \u015aroda&nbsp;15.04.2026 r. &hellip; <a href=\"https:\/\/www.xn--parafiaranka-7hb23q.pl\/index.php\/intencje\/\">Continued<\/a><\/p>\n","protected":false},"author":1,"featured_media":0,"parent":0,"menu_order":0,"comment_status":"closed","ping_status":"closed","template":"","meta":{"footnotes":""},"class_list":["post-8","page","type-page","status-publish","hentry"],"_links":{"self":[{"href":"https:\/\/www.xn--parafiaranka-7hb23q.pl\/index.php\/wp-json\/wp\/v2\/pages\/8","targetHints":{"allow":["GET"]}}],"collection":[{"href":"https:\/\/www.xn--parafiaranka-7hb23q.pl\/index.php\/wp-json\/wp\/v2\/pages"}],"about":[{"href":"https:\/\/www.xn--parafiaranka-7hb23q.pl\/index.php\/wp-json\/wp\/v2\/types\/page"}],"author":[{"embeddable":true,"href":"https:\/\/www.xn--parafiaranka-7hb23q.pl\/index.php\/wp-json\/wp\/v2\/users\/1"}],"replies":[{"embeddable":true,"href":"https:\/\/www.xn--parafiaranka-7hb23q.pl\/index.php\/wp-json\/wp\/v2\/comments?post=8"}],"version-history":[{"count":232,"href":"https:\/\/www.xn--parafiaranka-7hb23q.pl\/index.php\/wp-json\/wp\/v2\/pages\/8\/revisions"}],"predecessor-version":[{"id":1176,"href":"https:\/\/www.xn--parafiaranka-7hb23q.pl\/index.php\/wp-json\/wp\/v2\/pages\/8\/revisions\/1176"}],"wp:attachment":[{"href":"https:\/\/www.xn--parafiaranka-7hb23q.pl\/index.php\/wp-json\/wp\/v2\/media?parent=8"}],"curies":[{"name":"wp","href":"https:\/\/api.w.org\/{rel}","templated":true}]}}