{"id":24,"date":"2024-04-23T06:22:57","date_gmt":"2024-04-23T06:22:57","guid":{"rendered":"https:\/\/www.xn--parafiaranka-7hb23q.pl\/?page_id=24"},"modified":"2024-04-26T07:04:42","modified_gmt":"2024-04-26T07:04:42","slug":"darowizna","status":"publish","type":"page","link":"https:\/\/www.xn--parafiaranka-7hb23q.pl\/index.php\/darowizna\/","title":{"rendered":"Darowizna"},"content":{"rendered":"\n<p class=\"has-text-align-center\"><strong>JE\u015aLI CHCESZ WSPOM\u00d3C NASZ KO\u015aCI\u00d3\u0141 MO\u017bESZ Z\u0141O\u017bY\u0106 DAROWIZN\u0118 NA CELE KULTU RELIGIJNEGO<\/strong><strong>&nbsp;<\/strong><\/p>\n\n\n\n<p class=\"has-text-align-center\"><strong>&nbsp;NR KONTA PARAFIALNEGO<\/strong><\/p>\n\n\n\n<p class=\"has-text-align-center\">BANK SP\u00d3\u0141DZIELCZY W K\u0141ODZKU<\/p>\n\n\n\n<p class=\"has-text-align-center\"><strong><u>&nbsp;57 9523 1040 0107 8228 2001 0001<\/u><\/strong><\/p>\n\n\n\n<p class=\"has-text-align-center\"><\/p>\n\n\n\n<p><\/p>\n","protected":false},"excerpt":{"rendered":"<p>JE\u015aLI CHCESZ WSPOM\u00d3C NASZ KO\u015aCI\u00d3\u0141 MO\u017bESZ Z\u0141O\u017bY\u0106 DAROWIZN\u0118 NA CELE KULTU RELIGIJNEGO&nbsp; &nbsp;NR KONTA PARAFIALNEGO BANK SP\u00d3\u0141DZIELCZY W K\u0141ODZKU &nbsp;57 9523 1040 0107 8228 2001 0001<\/p>\n","protected":false},"author":1,"featured_media":0,"parent":0,"menu_order":0,"comment_status":"closed","ping_status":"closed","template":"","meta":{"footnotes":""},"class_list":["post-24","page","type-page","status-publish","hentry"],"_links":{"self":[{"href":"https:\/\/www.xn--parafiaranka-7hb23q.pl\/index.php\/wp-json\/wp\/v2\/pages\/24","targetHints":{"allow":["GET"]}}],"collection":[{"href":"https:\/\/www.xn--parafiaranka-7hb23q.pl\/index.php\/wp-json\/wp\/v2\/pages"}],"about":[{"href":"https:\/\/www.xn--parafiaranka-7hb23q.pl\/index.php\/wp-json\/wp\/v2\/types\/page"}],"author":[{"embeddable":true,"href":"https:\/\/www.xn--parafiaranka-7hb23q.pl\/index.php\/wp-json\/wp\/v2\/users\/1"}],"replies":[{"embeddable":true,"href":"https:\/\/www.xn--parafiaranka-7hb23q.pl\/index.php\/wp-json\/wp\/v2\/comments?post=24"}],"version-history":[{"count":3,"href":"https:\/\/www.xn--parafiaranka-7hb23q.pl\/index.php\/wp-json\/wp\/v2\/pages\/24\/revisions"}],"predecessor-version":[{"id":150,"href":"https:\/\/www.xn--parafiaranka-7hb23q.pl\/index.php\/wp-json\/wp\/v2\/pages\/24\/revisions\/150"}],"wp:attachment":[{"href":"https:\/\/www.xn--parafiaranka-7hb23q.pl\/index.php\/wp-json\/wp\/v2\/media?parent=24"}],"curies":[{"name":"wp","href":"https:\/\/api.w.org\/{rel}","templated":true}]}}