{"id":22,"date":"2024-04-23T06:22:47","date_gmt":"2024-04-23T06:22:47","guid":{"rendered":"https:\/\/www.xn--parafiaranka-7hb23q.pl\/?page_id=22"},"modified":"2025-01-30T18:31:29","modified_gmt":"2025-01-30T18:31:29","slug":"sakramenty","status":"publish","type":"page","link":"https:\/\/www.xn--parafiaranka-7hb23q.pl\/index.php\/sakramenty\/","title":{"rendered":"Sakramenty"},"content":{"rendered":"\n<h5 class=\"wp-block-heading has-medium-font-size\"><strong>\u201eSakramenty s\u0105 skutecznymi znakami \u0142aski, ustanowionymi przez Chrystusa i powierzonymi Ko\u015bcio\u0142owi. Przez te znaki jest nam udzielane \u017cycie Bo\u017ce. Obrz\u0119dy widzialne, w kt\u00f3rych celebruje si\u0119 sakramenty, oznaczaj\u0105 i urzeczywistniaj\u0105 \u0142aski w\u0142a\u015bciwe ka\u017cdemu sakramentowi. Przynosz\u0105 one owoc w tych, kt\u00f3rzy je przyjmuj\u0105 z odpowiedni\u0105 dyspozycj\u0105\u201d<\/strong><\/h5>\n\n\n\n<div class=\"wp-block-group\"><div class=\"wp-block-group__inner-container is-layout-constrained wp-block-group-is-layout-constrained\">\n<h2 class=\"wp-block-heading\"><strong>CHRZEST<\/strong><\/h2>\n\n\n\n<p class=\"has-small-font-size\"><em>\u201eId\u017acie wi\u0119c i nauczajcie wszystkie narody, udzielaj\u0105c im chrztu w imi\u0119 Ojca i Syna, i Ducha \u015awi\u0119tego.\u201d<br>Mt 28, 19<\/em><\/p>\n<\/div><\/div>\n\n\n\n<p><strong>Skutki Chrztu \u015awi\u0119tego<\/strong><\/p>\n\n\n\n<ul class=\"wp-block-list\">\n<li>Uwalnia od grzech\u00f3w.<\/li>\n\n\n\n<li>Odradza ochrzczonego jako dziecko Bo\u017ce przez upodobnienie do Chrystusa niezniszczalnym charakterem<\/li>\n\n\n\n<li>W\u0142\u0105cza do wsp\u00f3lnoty Ko\u015bcio\u0142a Katolickiego<\/li>\n<\/ul>\n\n\n\n<p><strong>Dokumenty potrzebne do przyj\u0119cia sakramentu chrztu&nbsp;<\/strong><strong>\u015bwi\u0119tego<\/strong><\/p>\n\n\n\n<ul class=\"wp-block-list\">\n<li>Rodzice dziecka maj\u0105 obowi\u0105zek zg\u0142osi\u0107 si\u0119 do kancelarii parafialnej tydzie\u0144 przed chrztem dziecka przynosz\u0105c wszystkie dokumenty<strong>&nbsp;<\/strong><\/li>\n\n\n\n<li>Za\u015bwiadczenie od rodzic\u00f3w chrzestnych z parafii ich zamieszkania, stwierdzaj\u0105ce i\u017c mog\u0105 by\u0107 dopuszczeni do godno\u015bci matki lub ojca chrzestnego.<\/li>\n\n\n\n<li>Informacja o przyst\u0105pieniu do sakramentu spowiedzi rodzic\u00f3w i chrzestnych&nbsp;<\/li>\n\n\n\n<li>Akt urodzenia dziecka &nbsp; &nbsp; &nbsp; &nbsp; &nbsp; &nbsp; &nbsp; &nbsp; &nbsp; &nbsp; &nbsp; &nbsp; &nbsp; &nbsp; &nbsp; &nbsp; &nbsp; &nbsp; &nbsp; &nbsp; &nbsp; &nbsp; &nbsp; &nbsp; &nbsp; &nbsp; &nbsp; &nbsp; &nbsp; &nbsp; &nbsp; &nbsp; &nbsp; &nbsp; &nbsp; &nbsp; &nbsp; &nbsp; &nbsp; &nbsp; &nbsp; &nbsp;<\/li>\n\n\n\n<li>Prosz\u0119 pami\u0119ta\u0107 o wy\u0142\u0105czeniu telefonu podczas wizyty kancelaryjnej :<\/li>\n<\/ul>\n\n\n\n<h2 class=\"wp-block-heading\">SAKRAMENT KOMUNII \u015aW. <\/h2>\n\n\n\n<p><strong>Czym jest Sakrament Eucharystii?<\/strong><\/p>\n\n\n\n<p>To sakrament \u017cywej, prawdziwej, substancjalnej i realnej obecno\u015bci Jezusa Chrystusa w Ko\u015bciele. Jezus chc\u0105c pozosta\u0107 z nami do ko\u0144ca \u015bwiata pozosta\u0142 z nami pod postaci\u0105 chleba i wina. Jest on \u201e\u017ar\u00f3d\u0142em i szczytem ca\u0142ego \u017cycia chrze\u015bcija\u0144skiego\u201d (KK 11). Dokonuje si\u0119 podczas niej uwielbienie i sk\u0142adanie dzi\u0119kczynienia Bogu (to w\u0142a\u015bnie oznacza po grecku okre\u015blenie eucharystia). To podczas niej dokonuje si\u0119 bezkrwawa ofiara Jezusa Chrystusa. Obok chrztu i bierzmowania stanowi jeden z trzech sakrament\u00f3w wtajemniczenia chrze\u015bcija\u0144skiego. Jan Pawe\u0142 II powiedzia\u0142, \u017ce \u201eKo\u015bci\u00f3\u0142 dzi\u0119ki Eucharystii \u017cyje\u201d, czemu po\u015bwi\u0119ci\u0142 swoj\u0105 ostatni\u0105 encyklik\u0119&nbsp;<em>Ecclesia de Eucharistia<\/em>.<\/p>\n\n\n\n<p><em>\u201cW Eucharystii w spos\u00f3b rzeczywisty karmimy si\u0119 Jezusem, poniewa\u017c Jego boskie Serce wch\u0142ania nasze serce w taki spos\u00f3b, \u017ce czyni z niego jedno serce, zespolone z Jego sercem. Zatem Serce Jezusa uzdrowi nasze serce z trawi\u0105cych je chor\u00f3b (oboj\u0119tno\u015b\u0107, nieufno\u015b\u0107, z\u0142e sk\u0142onno\u015bci, chorobliwe pasje, pr\u00f3\u017cne uczucia, ludzkie ambicje\u2026), sprawi, \u017ce b\u0119dzie ono bi\u0142o tym samym rytmem, jakim bije Jego serce, dla chwa\u0142y Boga i pokoju ludzi.\u201d<\/em><\/p>\n\n\n\n<ol class=\"wp-block-list\">\n<li>Przyj\u0119cie Pierwszej Komunii \u015awi\u0119tej odbywa si\u0119 na zako\u0144czenie III klasy szko\u0142y podstawowej, tj. oko\u0142o 10. roku \u017cycia dziecka. Jednocze\u015bnie nale\u017cy szanowa\u0107 lokalne tradycje tzw. wczesnej Komunii \u015awi\u0119tej. Szczeg\u00f3\u0142owe regulacje w tej sprawie wydaje biskup diecezjalny. W takim wypadku g\u0142\u00f3wn\u0105 rol\u0119 w przygotowaniu dzieci do sakramentu pokuty i pojednania oraz Eucharystii <strong>pe\u0142ni\u0105 rodzice, kt\u00f3rzy powinni pozostawa\u0107 w \u015bcis\u0142ej wsp\u00f3\u0142pracy z katechet\u0105 i duszpasterzem miejsca zamieszkania dziecka.<\/strong><\/li>\n\n\n\n<li>Uprzywilejowanym \u015brodowiskiem przygotowania bezpo\u015bredniego do sakramentu pokuty i pojednania oraz Eucharystii <strong>jest parafia zamieszkania dziecka, a nie parafia, na terenie kt\u00f3rej znajduje si\u0119 szko\u0142a<\/strong>. W uzasadnionych sytuacjach przyst\u0105pienie do tych sakrament\u00f3w jest mo\u017cliwe poza parafi\u0105 zamieszkania na podstawie za\u015bwiadczenia o odbyciu stosownego przygotowania. Niezb\u0119dne ustalenia w tym wzgl\u0119dzie nale\u017cy poczyni\u0107 jak najszybciej po rozpocz\u0119ciu przygotowania.<\/li>\n\n\n\n<li>\u00a0<strong>Warunkiem rozpocz\u0119cia przygotowania dzieci do tych sakrament\u00f3w jest z\u0142o\u017cenie przez rodzic\u00f3w (opiekun\u00f3w) deklaracji uczestnictwa w przygotowaniu do sakramentu pokuty i pojednania oraz Eucharystii. Formularz deklaracji przygotowuje parafia, a powinien on zawiera\u0107 niezb\u0119dne dane osobowe oraz zasady zwi\u0105zane z przygotowaniem zar\u00f3wno dzieci, jak i ich rodzic\u00f3w. Wa\u017cn\u0105 spraw\u0105 jest, by przy zg\u0142oszeniu dziecka proboszcz przeprowadzi\u0142 duszpastersk\u0105 rozmow\u0119 z jego rodzicami.<\/strong><\/li>\n\n\n\n<li>Wraz z deklaracj\u0105 rodzice (opiekunowie) sk\u0142adaj\u0105 \u015bwiadectwo chrztu \u015bwi\u0119tego dziecka, je\u015bli by\u0142o ono ochrzczone poza parafi\u0105, w kt\u00f3rej ma przyj\u0105\u0107 pierwsz\u0105 Komuni\u0119 \u015awi\u0119t\u0105.<\/li>\n\n\n\n<li>Koniecznym warunkiem uczestnictwa w parafialnym przygotowaniu do Pierwszej Spowiedzi i Komunii \u015awi\u0119tej <strong>jest ucz\u0119szczanie na lekcje religii w szkole. Odpowiedzialni za formacj\u0119 parafialn\u0105 powinni si\u0119 zatem upewni\u0107, \u017ce ten warunek zosta\u0142 spe\u0142niony.<\/strong><\/li>\n\n\n\n<li><strong>Przygotowanie do Pierwszej Komunii \u015bw. trwa 3 lata <\/strong><\/li>\n<\/ol>\n\n\n\n<p><a href=\"https:\/\/www.topolno.pelplin.opoka.org.pl\/files\/subpage\/1599817687486_wskazania-kep-przygotowanie-dzieci-sakrament-pokuty--pierwsza-komunia-swieta.pdf\">https:\/\/www.topolno.pelplin.opoka.org.pl\/files\/subpage\/1599817687486_wskazania-kep-przygotowanie-dzieci-sakrament-pokuty&#8211;pierwsza-komunia-swieta.pdf<\/a><\/p>\n\n\n\n<h2 class=\"wp-block-heading\"><strong>SAKRAMENT MA\u0141\u017bE\u0143STWA<\/strong><\/h2>\n\n\n\n<p><\/p>\n\n\n\n<p><em>\u201eM\u0119\u017cowie, mi\u0142ujcie \u017cony, bo i Chrystus umi\u0142owa\u0142 Ko\u015bci\u00f3\u0142 i wyda\u0142 za niego samego siebie, aby go u\u015bwi\u0119ci\u0107, oczy\u015bciwszy obmyciem wod\u0105, kt\u00f3remu towarzyszy s\u0142owo (\u2026) M\u0119\u017cowie tak powinni kocha\u0107 swoje \u017cony jak w\u0142asne cia\u0142o. Kto mi\u0142uje swoj\u0105 \u017con\u0119, siebie samego mi\u0142uje\u201d&nbsp;<\/em>(Ef 5, 25n.28).<\/p>\n\n\n\n<p><strong>Dokumenty wymagane do zawarcia ma\u0142\u017ce\u0144stwa:<\/strong><\/p>\n\n\n\n<ul class=\"wp-block-list\">\n<li>Metryki chrztu z adnotacj\u0105 o bierzmowaniu (\u015bwie\u017cej daty \u2013 nie starsze ni\u017c trzy miesi\u0105ce)<\/li>\n\n\n\n<li><span style=\"background-color: rgba(0, 0, 0, 0.2);\">Dowody osobiste,<\/span>W przypadku \u015blubu konkordatowego \u2013 za\u015bwiadczenia z Urz\u0119du Stanu Cywilnego.<\/li>\n\n\n\n<li>Spowied\u017a przed przyst\u0105pieniem do sakramentu ma\u0142\u017ce\u0144stwa przynajmniej dwa razy (na pocz\u0105tku przygotowa\u0144 i przed samym \u015blubem).<\/li>\n\n\n\n<li>Zapowiedzi przed\u015blubne wyg\u0142aszane s\u0105 w parafiach zamieszkania narzeczonych.<\/li>\n\n\n\n<li>Kurs przedma\u0142\u017ce\u0144ski i spotkania w poradnictwie rodzinnym stanowi\u0105 bezpo\u015brednie przygotowanie do \u015blubu. Ca\u0142o\u015b\u0107 trwa oko\u0142o miesi\u0105ca, cho\u0107 organizowana s\u0105 r\u00f3wnie\u017c weekendowe kursy dla narzeczonych.<\/li>\n<\/ul>\n\n\n\n<h2 class=\"wp-block-heading\"><strong>SAKRAMENT BIERZMOWANIA \u2b07\ufe0f<\/strong><\/h2>\n\n\n\n<p><a href=\"https:\/\/episkopat.pl\/doc\/178016.wskazania-konferencji-episkopatu-polski-dotyczace-przygotowania-do-przyjecia-sakramentu-bierzmowania\">https:\/\/episkopat.pl\/doc\/178016.wskazania-konferencji-episkopatu-polski-dotyczace-przygotowania-do-przyjecia-sakramentu-bierzmowania<\/a><\/p>\n\n\n\n<p><\/p>\n\n\n\n<p>Wed\u0142ug wskaza\u0144 Konferencji Episkopatu Polski dotycz\u0105cych przygotowania do sakramentu bierzmowania z 2017 r. sakrament bierzmowania udzielany jest najwcze\u015bniej na zako\u0144czenie \u00f3smej klasy szko\u0142y podstawowej.<\/p>\n\n\n\n<p>Przygotowanie do bierzmowania sk\u0142ada si\u0119 z trzech etap\u00f3w: <strong>przygotowania dalszego, bli\u017cszego i bezpo\u015bredniego.<\/strong><\/p>\n\n\n\n<p>a)&nbsp;Przygotowanie dalsze dokonuje si\u0119 od wczesnego dzieci\u0144stwa w rodzinie, nast\u0119pnie poprzez udzia\u0142 w lekcjach religii (katechezie) w szkole a tak\u017ce w katechezie parafialnej przygotowuj\u0105cej do sakrament\u00f3w pokuty i pojednania oraz Eucharystii.<\/p>\n\n\n\n<p>b)\u00a0Przygotowanie bli\u017csze obejmuje udzia\u0142 w nauczaniu religii (katechezie szkolnej) oraz w katechezie parafialnej, a zw\u0142aszcza uczestnictwo w \u017cyciu Ko\u015bcio\u0142a przez udzia\u0142 w niedzielnej i \u015bwi\u0105tecznej Mszy \u015bw. oraz w nabo\u017ce\u0144stwach, szczeg\u00f3lnie w swojej rodzinnej parafii.<\/p>\n\n\n\n<p>c)&nbsp;Przygotowanie bezpo\u015brednie dokonuje si\u0119 poprzez udzia\u0142 w katechezie szkolnej i parafialnej poprzedzaj\u0105cej przyj\u0119cie bierzmowania.<\/p>\n\n\n\n<p>Katecheza szkolna jest niezb\u0119dn\u0105 cz\u0119\u015bci\u0105 przygotowania do przyj\u0119cia sakramentu i duszpasterz b\u0105d\u017a katecheta w parafii powinien mie\u0107 pewno\u015b\u0107 co do uczestnictwa kandydata w nauczaniu religii. Zgodnie ze Wskazaniami Konferencji Episkopatu Polski optymalnym czasem trwania przygotowania bli\u017cszego i bezpo\u015bredniego do bierzmowania <strong>s\u0105 trzy lata (VI\u2013VII\u2013VIII klasa<\/strong>)<\/p>\n\n\n\n<p><\/p>\n","protected":false},"excerpt":{"rendered":"<p>\u201eSakramenty s\u0105 skutecznymi znakami \u0142aski, ustanowionymi przez Chrystusa i powierzonymi Ko\u015bcio\u0142owi. Przez te znaki jest nam udzielane \u017cycie Bo\u017ce. Obrz\u0119dy widzialne, w kt\u00f3rych celebruje si\u0119 sakramenty, oznaczaj\u0105 i urzeczywistniaj\u0105 \u0142aski w\u0142a\u015bciwe ka\u017cdemu sakramentowi. Przynosz\u0105 one owoc w tych, kt\u00f3rzy je &hellip; <a href=\"https:\/\/www.xn--parafiaranka-7hb23q.pl\/index.php\/sakramenty\/\">Continued<\/a><\/p>\n","protected":false},"author":1,"featured_media":0,"parent":0,"menu_order":0,"comment_status":"closed","ping_status":"closed","template":"","meta":{"footnotes":""},"class_list":["post-22","page","type-page","status-publish","hentry"],"_links":{"self":[{"href":"https:\/\/www.xn--parafiaranka-7hb23q.pl\/index.php\/wp-json\/wp\/v2\/pages\/22","targetHints":{"allow":["GET"]}}],"collection":[{"href":"https:\/\/www.xn--parafiaranka-7hb23q.pl\/index.php\/wp-json\/wp\/v2\/pages"}],"about":[{"href":"https:\/\/www.xn--parafiaranka-7hb23q.pl\/index.php\/wp-json\/wp\/v2\/types\/page"}],"author":[{"embeddable":true,"href":"https:\/\/www.xn--parafiaranka-7hb23q.pl\/index.php\/wp-json\/wp\/v2\/users\/1"}],"replies":[{"embeddable":true,"href":"https:\/\/www.xn--parafiaranka-7hb23q.pl\/index.php\/wp-json\/wp\/v2\/comments?post=22"}],"version-history":[{"count":18,"href":"https:\/\/www.xn--parafiaranka-7hb23q.pl\/index.php\/wp-json\/wp\/v2\/pages\/22\/revisions"}],"predecessor-version":[{"id":611,"href":"https:\/\/www.xn--parafiaranka-7hb23q.pl\/index.php\/wp-json\/wp\/v2\/pages\/22\/revisions\/611"}],"wp:attachment":[{"href":"https:\/\/www.xn--parafiaranka-7hb23q.pl\/index.php\/wp-json\/wp\/v2\/media?parent=22"}],"curies":[{"name":"wp","href":"https:\/\/api.w.org\/{rel}","templated":true}]}}