{"id":18,"date":"2024-04-23T06:22:12","date_gmt":"2024-04-23T06:22:12","guid":{"rendered":"https:\/\/www.xn--parafiaranka-7hb23q.pl\/?page_id=18"},"modified":"2026-01-26T09:09:55","modified_gmt":"2026-01-26T09:09:55","slug":"duszpasterz","status":"publish","type":"page","link":"https:\/\/www.xn--parafiaranka-7hb23q.pl\/index.php\/duszpasterz\/","title":{"rendered":"Duszpasterz"},"content":{"rendered":"\n<figure class=\"wp-block-image size-full is-resized\"><img loading=\"lazy\" decoding=\"async\" width=\"1000\" height=\"750\" src=\"https:\/\/www.xn--parafiaranka-7hb23q.pl\/wp-content\/uploads\/2026\/01\/Obrazek.jpeg\" alt=\"\" class=\"wp-image-1078\" style=\"width:316px;height:auto\" srcset=\"https:\/\/www.xn--parafiaranka-7hb23q.pl\/wp-content\/uploads\/2026\/01\/Obrazek.jpeg 1000w, https:\/\/www.xn--parafiaranka-7hb23q.pl\/wp-content\/uploads\/2026\/01\/Obrazek-300x225.jpeg 300w, https:\/\/www.xn--parafiaranka-7hb23q.pl\/wp-content\/uploads\/2026\/01\/Obrazek-768x576.jpeg 768w\" sizes=\"auto, (max-width: 1000px) 100vw, 1000px\" \/><\/figure>\n\n\n\n<p>Ks. Rafa\u0142 Masztalerz \u2013 \u015awi\u0119cenia kap\u0142a\u0144skie 24.05.2008r w Katedrze \u015bw. Stanis\u0142awa i \u015bw. Wac\u0142awa w \u015awidnicy.<\/p>\n\n\n\n<p>W latach 2008-2013r. pos\u0142ugiwa\u0142 w parafii pw. Maryi Matki Ko\u015bcio\u0142a w Dzier\u017coniowie.<\/p>\n\n\n\n<p>2013-2015r. podj\u0105\u0142 prac\u0119 duszpastersk\u0105 w parafii pw. Narodzenia Naj\u015bwi\u0119tszej Maryi Panny w L\u0105dku Zdroju.<\/p>\n\n\n\n<p>2015r Pobyt w Izraelu w ramach rocznego programu Nowej Ewangelizacji. Po powrocie zamieszkanie we wsp\u00f3lnocie Sw Tymoteusza w Gubinie oraz pobyt we wsp\u00f3lnocie Przyjaci\u00f3\u0142 Oblubie\u0144ca w Lublinie. Rozpocz\u0119cie &nbsp;Og\u00f3lnopolskiej Szko\u0142y Nowej Ewangelizacji w Krakowie oraz rok w pos\u0142udze Nowej Ewangelizacji.<\/p>\n\n\n\n<p>08.12.2015 \u2013 20.11.2016 Rozpocz\u0119cie Roku Jubileuszowego Mi\u0142osierdzia. Z Nominacji Jego \u015awi\u0105tobliwo\u015bci Papie\u017ca Franciszka, ks. Rafa\u0142 Masztalerz przyjmuje pos\u0142ug\u0119 Misjonarza Mi\u0142osierdzia zwi\u0105zan\u0105 z g\u0142oszeniem s\u0142owa Bo\u017cego oraz niesienia or\u0119dzia w pos\u0142udze konfesjona\u0142u o szczeg\u00f3lnej w\u0142adzy do rozgrzeszania z grzech\u00f3w zarezerwowanych Stolicy Apostolskiej:<\/p>\n\n\n\n<h2 class=\"wp-block-heading\">Zakres w\u0142adzy&nbsp;<\/h2>\n\n\n\n<p>Nominowani kap\u0142ani otrzymali w\u0142adz\u0119 na forum wewn\u0119trznym, co oznacza, \u017ce mog\u0105 rozgrzesza\u0107 z grzech\u00f3w i uwalnia\u0107 od cenzur, kt\u00f3re wcze\u015bniej by\u0142y zastrze\u017cone Stolicy Apostolskiej. Do tych wykrocze\u0144 nale\u017c\u0105:<\/p>\n\n\n\n<p><em>1. Profanacja Naj\u015bwi\u0119tszego Sakramentu poprzez zabranie lub przechowywanie postaci konsekrowanych w celach \u015bwi\u0119tokradczych (kan. 1382 KPK).<\/em><\/p>\n\n\n\n<p><em>2. Przemoc fizyczna wobec Ojca \u015awi\u0119tego (kan. 1370 KPK).<\/em><\/p>\n\n\n\n<p><em>3. Rozgrzeszenie wsp\u00f3lnika w grzechu przeciwko VI przykazaniu Dekalogu (kan. 1384 KPK).<\/em><\/p>\n\n\n\n<p><em>4. Bezpo\u015brednia zdrada tajemnicy spowiedzi przez spowiednika (kan. 1386 \u00a71 KPK).<\/em><\/p>\n\n\n\n<p><em>5. Nagrywanie i\/lub rozpowszechnianie za po\u015brednictwem \u015brodk\u00f3w komunikacji tre\u015bci Sakramentu Spowiedzi, tak rzeczywistego, jak i pozorowanego (kan. 1386 \u00a73 KPK).<\/em><\/p>\n\n\n\n<p>Zgodnie z dekretami Stolicy Apostolskiej, po udzieleniu sakramentalnego rozgrzeszenia, Misjonarz Mi\u0142osierdzia uwalnia penitenta od cenzur, kt\u00f3re by\u0142y zastrze\u017cone Stolicy Apostolskiej. W zwi\u0105zku z tym nie jest ju\u017c wymagane uzyskanie reskryptu Penitencjarii Apostolskiej.<\/p>\n\n\n\n<p>2016-2017 Rezydent w Parafii Podwy\u017cszenia Krzy\u017ca sw. w K\u0142odzku. Pracownik Referatu ds. NE w Kurii \u015awidnickiej<\/p>\n\n\n\n<p>2017-2019r. Tworzenie Domu Rekolekcyjnego w Polanicy<\/p>\n\n\n\n<p>2016-2019r. Rekolekcjonista, Referent ds. Nowej Ewangelizacji.<\/p>\n\n\n\n<p>01.09.2019r \u2013 30.06.2020r wikariusz parafii pw. Zbawiciela i Matki Bo\u017cej Szkaplerznej w Strzegomiu<\/p>\n\n\n\n<p>01.07.2020 \u2013 Proboszcz Parafii Wniebowzi\u0119cia NMP w R\u00f3\u017cance pe\u0142ni\u0105cy nadal pos\u0142ug\u0119 Misjonarza Mi\u0142osierdzia<\/p>\n","protected":false},"excerpt":{"rendered":"<p>Ks. Rafa\u0142 Masztalerz \u2013 \u015awi\u0119cenia kap\u0142a\u0144skie 24.05.2008r w Katedrze \u015bw. Stanis\u0142awa i \u015bw. Wac\u0142awa w \u015awidnicy. W latach 2008-2013r. pos\u0142ugiwa\u0142 w parafii pw. Maryi Matki Ko\u015bcio\u0142a w Dzier\u017coniowie. 2013-2015r. podj\u0105\u0142 prac\u0119 duszpastersk\u0105 w parafii pw. Narodzenia Naj\u015bwi\u0119tszej Maryi Panny w &hellip; <a href=\"https:\/\/www.xn--parafiaranka-7hb23q.pl\/index.php\/duszpasterz\/\">Continued<\/a><\/p>\n","protected":false},"author":1,"featured_media":0,"parent":0,"menu_order":0,"comment_status":"closed","ping_status":"closed","template":"","meta":{"footnotes":""},"class_list":["post-18","page","type-page","status-publish","hentry"],"_links":{"self":[{"href":"https:\/\/www.xn--parafiaranka-7hb23q.pl\/index.php\/wp-json\/wp\/v2\/pages\/18","targetHints":{"allow":["GET"]}}],"collection":[{"href":"https:\/\/www.xn--parafiaranka-7hb23q.pl\/index.php\/wp-json\/wp\/v2\/pages"}],"about":[{"href":"https:\/\/www.xn--parafiaranka-7hb23q.pl\/index.php\/wp-json\/wp\/v2\/types\/page"}],"author":[{"embeddable":true,"href":"https:\/\/www.xn--parafiaranka-7hb23q.pl\/index.php\/wp-json\/wp\/v2\/users\/1"}],"replies":[{"embeddable":true,"href":"https:\/\/www.xn--parafiaranka-7hb23q.pl\/index.php\/wp-json\/wp\/v2\/comments?post=18"}],"version-history":[{"count":6,"href":"https:\/\/www.xn--parafiaranka-7hb23q.pl\/index.php\/wp-json\/wp\/v2\/pages\/18\/revisions"}],"predecessor-version":[{"id":1079,"href":"https:\/\/www.xn--parafiaranka-7hb23q.pl\/index.php\/wp-json\/wp\/v2\/pages\/18\/revisions\/1079"}],"wp:attachment":[{"href":"https:\/\/www.xn--parafiaranka-7hb23q.pl\/index.php\/wp-json\/wp\/v2\/media?parent=18"}],"curies":[{"name":"wp","href":"https:\/\/api.w.org\/{rel}","templated":true}]}}