{"id":145,"date":"2024-04-26T06:54:40","date_gmt":"2024-04-26T06:54:40","guid":{"rendered":"https:\/\/www.xn--parafiaranka-7hb23q.pl\/?page_id=145"},"modified":"2024-04-26T07:07:21","modified_gmt":"2024-04-26T07:07:21","slug":"roza-zywego-rozanca","status":"publish","type":"page","link":"https:\/\/www.xn--parafiaranka-7hb23q.pl\/index.php\/roza-zywego-rozanca\/","title":{"rendered":"R\u00f3\u017ca \u017bywego R\u00f3\u017ca\u0144ca"},"content":{"rendered":"\n<h2 class=\"wp-block-heading\"><strong> Zasady<\/strong>:<\/h2>\n\n\n\n<p><strong>R\u00f3\u017ca r\u00f3\u017ca\u0144cowa \u2014 co to jest<\/strong>? Mianem tym okre\u015bla si\u0119 wsp\u00f3lnot\u0119 20 os\u00f3b, z kt\u00f3rych ka\u017cda odmawia codziennie jedn\u0105 dziesi\u0105tk\u0119 R\u00f3\u017ca\u0144ca \u015awi\u0119tego w wybranej intencji i tajemnicy. Najcz\u0119\u015bciej po\u0142\u0105czona jest ona z rozwa\u017caniem. W ten spos\u00f3b ka\u017cdego dnia odmawiany jest ca\u0142y R\u00f3\u017caniec.<\/p>\n\n\n\n<p>Jakie s\u0105&nbsp;<strong>zasady r\u00f3\u017cy r\u00f3\u017ca\u0144cowej<\/strong>? Pierwszego dnia miesi\u0105ca zmianie ulega tajemnica. Ich porz\u0105dek jest nast\u0119puj\u0105cy: Radosne, \u015awiat\u0142a, Bolesne oraz Chwalebne. Odpowiadaj\u0105 one przebiegowi \u017cycia Jezusa Chrystusa na Ziemi.<\/p>\n\n\n\n<p><strong>Na czym polega r\u00f3\u017ca r\u00f3\u017ca\u0144cowa<\/strong>? Kluczow\u0105 rol\u0119 odgrywa w niej animator, kt\u00f3ry nadaje jej \u015bwi\u0119tego patrona i przypomina o comiesi\u0119cznej zmianie tajemnic. Ka\u017cdy cz\u0142onek r\u00f3\u017cy r\u00f3\u017ca\u0144cowej ma mo\u017cliwo\u015b\u0107 uzyskania odpustu zupe\u0142nego. Aby by\u0142o to mo\u017cliwe, niezb\u0119dne jest odm\u00f3wienie przypisanej dziesi\u0105tki r\u00f3\u017ca\u0144ca danego dnia oraz pozostawanie w stanie \u0142aski u\u015bwi\u0119caj\u0105cej, co zwi\u0105zane jest z regularn\u0105 spowiedzi\u0105 stanowi\u0105c\u0105 gwarancj\u0119 braku przywi\u0105zania do jakiegokolwiek grzechu ci\u0119\u017ckiego.<\/p>\n\n\n\n<p>Program duchowy&nbsp;<strong>r\u00f3\u017c \u017bywego R\u00f3\u017ca\u0144ca<\/strong>&nbsp;obejmuje mi\u0119dzy innymi wspieranie misyjnej dzia\u0142alno\u015bci Ko\u015bcio\u0142a, trosk\u0119 o wierno\u015b\u0107 nauczaniu Ko\u015bcio\u0142a, wypraszanie mi\u0142osierdzia Bo\u017cego przez wstawiennictwo Matki Boskiej, krzewienie modlitwy r\u00f3\u017ca\u0144cowej oraz trosk\u0119 o wzrost wiary w ludzkich duszach<\/p>\n\n\n\n<p>Cz\u0142onkowie \u017bywego R\u00f3\u017ca\u0144ca mog\u0105 dost\u0105pi\u0107 odpustu zupe\u0142nego, pod zwyk\u0142ymi warunkami, osiem razy w roku, mianowicie:<\/p>\n\n\n\n<ul class=\"wp-block-list\">\n<li>w dniu przyj\u0119cia do \u017bywego R\u00f3\u017ca\u0144ca,<\/li>\n\n\n\n<li>Narodzenia Pana Jezusa (25 XII),<\/li>\n\n\n\n<li>Ofiarowania Pa\u0144skiego (2 II),<\/li>\n\n\n\n<li>Zwiastowania Naj\u015bwi\u0119tszej Maryi Pannie (25 III),<\/li>\n\n\n\n<li>Zmartwychwstania Pa\u0144skiego (zgodnie z kalendarzem liturgicznym),<\/li>\n\n\n\n<li>Wniebowzi\u0119cia Matki Bo\u017cej (15 VIII),<\/li>\n\n\n\n<li>w \u015bwi\u0119to Kr\u00f3lowej R\u00f3\u017ca\u0144ca \u015bwi\u0119tego 7 pa\u017adziernika.<\/li>\n\n\n\n<li>oraz Niepokalanego Pocz\u0119cia Maryi (8 XII).<\/li>\n<\/ul>\n\n\n\n<p><strong>W naszej Parafii s\u0105 dwie R\u00f3\u017ce \u017bywego R\u00f3\u017ca\u0144ca m\u0119ska Niepokalanego Pocz\u0119cia NMP za\u0142o\u017cona 08.12.2020r oraz r\u00f3\u017ca \u017ce\u0144ska Wniebowzi\u0119cia NMP<\/strong><\/p>\n\n\n\n<p>Serdecznie zapraszamy do w\u0142\u0105czenia si\u0119 we wsp\u00f3lnoty \u017bywego R\u00f3\u017ca\u0144ca.<\/p>\n\n\n\n<p><strong><em>I Niedziele Miesi\u0105ca zapraszamy do wsp\u00f3lnej modlitwy r\u00f3\u017ca\u0144cowej w ko\u015bciele parafialnym 11.00<\/em><\/strong><\/p>\n","protected":false},"excerpt":{"rendered":"<p>Zasady: R\u00f3\u017ca r\u00f3\u017ca\u0144cowa \u2014 co to jest? Mianem tym okre\u015bla si\u0119 wsp\u00f3lnot\u0119 20 os\u00f3b, z kt\u00f3rych ka\u017cda odmawia codziennie jedn\u0105 dziesi\u0105tk\u0119 R\u00f3\u017ca\u0144ca \u015awi\u0119tego w wybranej intencji i tajemnicy. Najcz\u0119\u015bciej po\u0142\u0105czona jest ona z rozwa\u017caniem. W ten spos\u00f3b ka\u017cdego dnia odmawiany &hellip; <a href=\"https:\/\/www.xn--parafiaranka-7hb23q.pl\/index.php\/roza-zywego-rozanca\/\">Continued<\/a><\/p>\n","protected":false},"author":1,"featured_media":0,"parent":0,"menu_order":0,"comment_status":"closed","ping_status":"closed","template":"","meta":{"footnotes":""},"class_list":["post-145","page","type-page","status-publish","hentry"],"_links":{"self":[{"href":"https:\/\/www.xn--parafiaranka-7hb23q.pl\/index.php\/wp-json\/wp\/v2\/pages\/145","targetHints":{"allow":["GET"]}}],"collection":[{"href":"https:\/\/www.xn--parafiaranka-7hb23q.pl\/index.php\/wp-json\/wp\/v2\/pages"}],"about":[{"href":"https:\/\/www.xn--parafiaranka-7hb23q.pl\/index.php\/wp-json\/wp\/v2\/types\/page"}],"author":[{"embeddable":true,"href":"https:\/\/www.xn--parafiaranka-7hb23q.pl\/index.php\/wp-json\/wp\/v2\/users\/1"}],"replies":[{"embeddable":true,"href":"https:\/\/www.xn--parafiaranka-7hb23q.pl\/index.php\/wp-json\/wp\/v2\/comments?post=145"}],"version-history":[{"count":2,"href":"https:\/\/www.xn--parafiaranka-7hb23q.pl\/index.php\/wp-json\/wp\/v2\/pages\/145\/revisions"}],"predecessor-version":[{"id":149,"href":"https:\/\/www.xn--parafiaranka-7hb23q.pl\/index.php\/wp-json\/wp\/v2\/pages\/145\/revisions\/149"}],"wp:attachment":[{"href":"https:\/\/www.xn--parafiaranka-7hb23q.pl\/index.php\/wp-json\/wp\/v2\/media?parent=145"}],"curies":[{"name":"wp","href":"https:\/\/api.w.org\/{rel}","templated":true}]}}