{"id":10,"date":"2024-04-23T06:20:32","date_gmt":"2024-04-23T06:20:32","guid":{"rendered":"https:\/\/www.xn--parafiaranka-7hb23q.pl\/?page_id=10"},"modified":"2026-04-11T11:10:17","modified_gmt":"2026-04-11T11:10:17","slug":"ogloszenia","status":"publish","type":"page","link":"https:\/\/www.xn--parafiaranka-7hb23q.pl\/index.php\/ogloszenia\/","title":{"rendered":"Og\u0142oszenia"},"content":{"rendered":"\n<p><strong><u><mark style=\"background-color:rgba(0, 0, 0, 0);color:#c30808\" class=\"has-inline-color\">Niedziela Mi\u0142osierdzia Bo\u017cego<br>12.04.2026 r.<\/mark><\/u><\/strong><\/p>\n\n\n\n<ol class=\"wp-block-list\">\n<li>Dnia\u00a0<strong>22.04<\/strong>\u00a0w \u015brod\u0119 nasza wsp\u00f3lnota parafialna prze\u017cywa\u0107 b\u0119dzie co 5 letni\u0105 Wizytacj\u0119 Biskupi\u0105. Podczas tegorocznej wizytacji go\u015bci\u0107 b\u0119dziemy Ksi\u0119dza Biskupa Adama Ba\u0142abucha. Z tej okazji serdecznie zapraszam wszystkich o w\u0142\u0105czenie si\u0119 do prze\u017cycia tego dnia. O godz.\u00a0<strong>14.00<\/strong>\u00a0w Lesicy Ksi\u0105dz Biskup spotka si\u0119 z mieszka\u0144cami Lesicy i Niemojowa. O godz.\u00a0<strong>14.45<\/strong>\u00a0z mieszka\u0144cami Gniewoszowa. O 15.30 odb\u0119dzie si\u0119 wsp\u00f3lna modlitwa na parafialnym cmentarzu na kt\u00f3re was serdecznie zapraszam i o\u00a0<strong>16.00<\/strong>\u00a0odb\u0119dzie si\u0119 spotkanie na plebanii przedstawicieli Rady Parafialnej oraz Rady Soleckiej. O godz.\u00a0<strong>17.00<\/strong>\u00a0jeste\u015bmy wszyscy zaproszeni z wszystkich wsp\u00f3lnot na uroczyst\u0105 Eucharystie. Po Mszy \u015bw. odb\u0119dzie si\u0119 spotkanie Ksi\u0119\u017cy z naszego dekanatu. Drodzy jest to \u015bwi\u0119to ca\u0142ej parafii. Prosz\u0119 aby\u015bcie towarzyszyli mi jako proboszczowi w tym dniu. Dla nas to spotkanie jest tym bardziej wa\u017cne, poniewa\u017c b\u0119dziemy go\u015bci\u0107 Ksi\u0119dza Biskupa podczas tegorocznych Gminnych Do\u017cynek.<\/li>\n\n\n\n<li>W niedziel\u0119 za tydzie\u0144, 19 kwietnia b\u0119dziemy go\u015bci\u0107 w naszym ko\u015bciele \u015bwieckiego promotora kultu b\u0142. ks. Jerzego Popie\u0142uszki,\u00a0p. Marka K\u0119dziorka, kt\u00f3ry przez s\u0142owo \u015bwiadectwa przybli\u017cy nam Jego osob\u0119 i duchowe dziedzictwo.\u00a0B\u0119dzie mo\u017cna zwiedzi\u0107 w ko\u015bciele przejmuj\u0105c\u0105 wystaw\u0119 &#8222;Solidarno\u015bci&#8221; o m\u0119czenniku. Po ka\u017cdej Mszy \u015bw. b\u0119dzie te\u017c mo\u017cliwo\u015b\u0107 nabycia oryginalnych nagra\u0144 16 ca\u0142ych kaza\u0144 ks. Jerzego wydanych na p\u0142ytach.<\/li>\n\n\n\n<li>Za tydzie\u0144 zbi\u00f3rka ofiar na remonty ko\u015bcio\u0142\u00f3w w R\u00f3\u017cance i Gniewoszowie<\/li>\n\n\n\n<li>S\u0105 jeszcze wolne miejsca na pielgrzymk\u0119 do Medjugorie.<\/li>\n\n\n\n<li>W tym tygodniu wspominamy zmar\u0142ych: R\u00f3\u017canka: W\u0142adys\u0142aw Lachowicz 38, Stanis\u0142aw Hajduk 12, Stanis\u0142aw Nied\u017awiecki 49, Jan Dydyna 16, Genowefa Ko\u015b\u0107 26, Julian Ankowski 24. Gniewosz\u00f3w: Piotr Dziurman 79.<\/li>\n\n\n\n<li>Witamy w naszej wsp\u00f3lnocie wszystkich przyby\u0142ych go\u015bci i \u017cyczymy b\u0142ogos\u0142awionego czasu\u00a0<\/li>\n<\/ol>\n\n\n\n<p><\/p>\n\n\n\n<p><\/p>\n\n\n\n<p><\/p>\n\n\n\n<p><\/p>\n\n\n\n<p><\/p>\n\n\n\n<p><strong>BIERZMOWANIE<\/strong><\/p>\n\n\n\n<p>Zgodnie ze Wskazaniami Konferencji Episkopatu Polski optymalnym czasem trwania przygotowania bli\u017cszego i bezpo\u015bredniego do bierzmowania s\u0105 trzy lata (VI\u2013VII\u2013VIII klasa).<\/p>\n\n\n\n<p>Kandydaci w ramach przygotowania uczestnicz\u0105 w niedzielnej Eucharystii, nabo\u017ce\u0144stwach w ci\u0105gu roku, przyst\u0119puj\u0105 co miesi\u0105c do spowiedzi \u015bwi\u0119tej i uczestnicz\u0105 w przygotowaniach \/ katechezach \/ oraz w rekolekcjach bezpo\u015brednio przed sam\u0105 uroczysto\u015bci\u0105.<\/p>\n\n\n\n<p><strong>I KOMUNIA \u015aWI\u0118TA<\/strong><\/p>\n\n\n\n<p>Pierwsza Spowied\u017a i Komunia \u015aw. dzieci w naszej Parafii odbywa si\u0119 w klasie trzeciej szko\u0142y podstawowej. Termin ustalany jest w porozumieniu z rodzicami na spotkaniu organizacyjnym.<\/p>\n\n\n\n<p>Przygotowanie do Pierwszej Komunii \u015awi\u0119tej rozpoczyna si\u0119 w PIERWSZEJ KLASIE SZKO\u0141Y PODSTAWOWEJ i trwa trzy lata.<\/p>\n\n\n\n<p><strong><u>Przygotowanie do przyj\u0119cia Pierwszej Komunii \u015bw. odbywa si\u0119 poprzez udzia\u0142 w katechizacji szkolnej oraz w ramach dodatkowych spotka\u0144 odbywaj\u0105cych si\u0119 przy parafii tak dzieci jak i rodzic\u00f3w<\/u>.<\/strong><\/p>\n\n\n\n<p><\/p>\n\n\n\n<p><\/p>\n","protected":false},"excerpt":{"rendered":"<p>Niedziela Mi\u0142osierdzia Bo\u017cego12.04.2026 r. BIERZMOWANIE Zgodnie ze Wskazaniami Konferencji Episkopatu Polski optymalnym czasem trwania przygotowania bli\u017cszego i bezpo\u015bredniego do bierzmowania s\u0105 trzy lata (VI\u2013VII\u2013VIII klasa). Kandydaci w ramach przygotowania uczestnicz\u0105 w niedzielnej Eucharystii, nabo\u017ce\u0144stwach w ci\u0105gu roku, przyst\u0119puj\u0105 co miesi\u0105c &hellip; <a href=\"https:\/\/www.xn--parafiaranka-7hb23q.pl\/index.php\/ogloszenia\/\">Continued<\/a><\/p>\n","protected":false},"author":1,"featured_media":0,"parent":0,"menu_order":0,"comment_status":"closed","ping_status":"closed","template":"","meta":{"footnotes":""},"class_list":["post-10","page","type-page","status-publish","hentry"],"_links":{"self":[{"href":"https:\/\/www.xn--parafiaranka-7hb23q.pl\/index.php\/wp-json\/wp\/v2\/pages\/10","targetHints":{"allow":["GET"]}}],"collection":[{"href":"https:\/\/www.xn--parafiaranka-7hb23q.pl\/index.php\/wp-json\/wp\/v2\/pages"}],"about":[{"href":"https:\/\/www.xn--parafiaranka-7hb23q.pl\/index.php\/wp-json\/wp\/v2\/types\/page"}],"author":[{"embeddable":true,"href":"https:\/\/www.xn--parafiaranka-7hb23q.pl\/index.php\/wp-json\/wp\/v2\/users\/1"}],"replies":[{"embeddable":true,"href":"https:\/\/www.xn--parafiaranka-7hb23q.pl\/index.php\/wp-json\/wp\/v2\/comments?post=10"}],"version-history":[{"count":194,"href":"https:\/\/www.xn--parafiaranka-7hb23q.pl\/index.php\/wp-json\/wp\/v2\/pages\/10\/revisions"}],"predecessor-version":[{"id":1174,"href":"https:\/\/www.xn--parafiaranka-7hb23q.pl\/index.php\/wp-json\/wp\/v2\/pages\/10\/revisions\/1174"}],"wp:attachment":[{"href":"https:\/\/www.xn--parafiaranka-7hb23q.pl\/index.php\/wp-json\/wp\/v2\/media?parent=10"}],"curies":[{"name":"wp","href":"https:\/\/api.w.org\/{rel}","templated":true}]}}